{"id":354,"date":"2022-04-26T19:43:28","date_gmt":"2022-04-26T19:43:28","guid":{"rendered":"https:\/\/cowork4u.com\/?page_id=354"},"modified":"2022-05-10T13:48:57","modified_gmt":"2022-05-10T13:48:57","slug":"home","status":"publish","type":"page","link":"https:\/\/cowork4u.com\/","title":{"rendered":"Home"},"content":{"rendered":"\n<h2><a href=\"https:\/\/cowork4u.com\/?p=1\">Welcome to CoWork4u: <\/a><\/h2>\n\n\n\n<h2>                 <a href=\"https:\/\/cowork4u.com\/?p=1\">YOUR PLACE IN THE WORLD<\/a><\/h2>\n\n\n\n<p><\/p>\n\n\n\n<h2><strong>We make coworking easy.<\/strong><\/h2>\n\n\n\n<p><\/p>\n\n\n\n<h1><strong>Ambiente de trabajo creativo, enfocado y con esp\u00edritu emprendedor.<\/strong><\/h1>\n\n\n\n<p>Los espacios&nbsp;CoWork4u&nbsp;est\u00e1n dise\u00f1ado para proporcionar un sentido de comunidad e inspirar la optimizaci\u00f3n de la productividad. Nuestra empresa es responsable de su espacio, reuniones y organizaci\u00f3n general, y usted por el trabajo. Todo esto para hacerte sentir lleno de energ\u00eda y enfocado en nuevas creaciones.<\/p>\n\n\n\n<p>Actualmente contamos con oficinas en la Zona de Tribunales, el \u00e1rea perfecta para desarollo de negocios, el acceso r\u00e1pido con el subte a menos de una cuadra y m\u00e1s de 30 l\u00edneas de &nbsp;colectivo le permiten llegar sin estr\u00e9s y energ\u00eda para un rendimiento \u00f3ptimo. Nuestras oficinas de usos m\u00faltiples permiten el trabajo individual, el trabajo en equipo y reuniones. El espacio&nbsp;RochIB&nbsp;es un lugar perfecto para expandir las ra\u00edces de su organizaci\u00f3n, obtener nuevos contactos y trabajar sin preocupaciones.<\/p>\n\n\n\n<h1><a href=\"https:\/\/rochib.com\/?page_id=297\">Productos<\/a><\/h1>\n\n\n\n<h1><a href=\"https:\/\/rochib.com\/?page_id=299\" data-type=\"URL\" data-id=\"https:\/\/rochib.com\/?page_id=299\">Amenidades y Servicios<\/a><\/h1>\n\n\n\n<h1><a href=\"https:\/\/cowork4u.com\/?page_id=255\" data-type=\"page\" data-id=\"255\">Reservas<\/a><\/h1>\n\n\n\n<p><\/p>\n","protected":false},"excerpt":{"rendered":"<p>Welcome to CoWork4u: YOUR PLACE IN THE WORLD We make coworking easy. Ambiente de trabajo creativo, enfocado y con esp\u00edritu emprendedor. Los espacios&nbsp;CoWork4u&nbsp;est\u00e1n dise\u00f1ado para proporcionar un sentido de comunidad e inspirar la optimizaci\u00f3n de la productividad. Nuestra empresa es responsable de su espacio, reuniones y organizaci\u00f3n general, y usted por el trabajo. Todo esto [&hellip;]<\/p>\n","protected":false},"author":1,"featured_media":0,"parent":0,"menu_order":0,"comment_status":"closed","ping_status":"closed","template":"","meta":{"_monsterinsights_skip_tracking":false,"_monsterinsights_sitenote_active":false,"_monsterinsights_sitenote_note":"","_monsterinsights_sitenote_category":0},"_links":{"self":[{"href":"https:\/\/cowork4u.com\/index.php?rest_route=\/wp\/v2\/pages\/354"}],"collection":[{"href":"https:\/\/cowork4u.com\/index.php?rest_route=\/wp\/v2\/pages"}],"about":[{"href":"https:\/\/cowork4u.com\/index.php?rest_route=\/wp\/v2\/types\/page"}],"author":[{"embeddable":true,"href":"https:\/\/cowork4u.com\/index.php?rest_route=\/wp\/v2\/users\/1"}],"replies":[{"embeddable":true,"href":"https:\/\/cowork4u.com\/index.php?rest_route=%2Fwp%2Fv2%2Fcomments&post=354"}],"version-history":[{"count":5,"href":"https:\/\/cowork4u.com\/index.php?rest_route=\/wp\/v2\/pages\/354\/revisions"}],"predecessor-version":[{"id":394,"href":"https:\/\/cowork4u.com\/index.php?rest_route=\/wp\/v2\/pages\/354\/revisions\/394"}],"wp:attachment":[{"href":"https:\/\/cowork4u.com\/index.php?rest_route=%2Fwp%2Fv2%2Fmedia&parent=354"}],"curies":[{"name":"wp","href":"https:\/\/api.w.org\/{rel}","templated":true}]}}